{"id":994,"date":"2018-08-09T17:08:05","date_gmt":"2018-08-09T17:08:05","guid":{"rendered":"https:\/\/intrepid.ca\/contact-us\/"},"modified":"2024-10-04T11:28:49","modified_gmt":"2024-10-04T15:28:49","slug":"nous-joindre","status":"publish","type":"page","link":"https:\/\/intrepid.ca\/fr\/nous-joindre\/","title":{"rendered":"nous joindre"},"content":{"rendered":"\n<h2 class=\"wp-block-heading\" id=\"merci-pour-votre-interet\">Merci pour votre int\u00e9r\u00eat.<\/h2>\n\n\n\n<p>Vous trouverez ci-dessous comment nous joindre.<\/p>\n\n\n\n<p>Nous serons heureux de r\u00e9pondre \u00e0 toutes les questions que vous avez et de vous fournir des services de confiance pour lesquels nous avons d\u00e9j\u00e0 fait nos preuves. Merci de nous contacter aux coordonn\u00e9es indiqu\u00e9es ci-dessous, un membre de notre \u00e9quipe se fera un plaisir de vous r\u00e9pondre.<\/p>\n\n\n\n<div class=\"wp-block-columns has-2-columns is-layout-flex wp-container-core-columns-is-layout-9d6595d7 wp-block-columns-is-layout-flex\">\n<div class=\"wp-block-column is-layout-flow wp-block-column-is-layout-flow\">\n<p><strong><strong>Informations g\u00e9n\u00e9rales<\/strong><\/strong><br>1 (877) 636-9686&nbsp;<br><a href=\"mailto:info@intrepid.ca\">info@intrepid.ca<\/a>&nbsp;<\/p>\n\n\n\n<p><strong>Demande d\u2019enqu\u00eate<\/strong><br><a href=\"mailto:missions@intrepid.ca\">missions@intrepid.ca<\/a><\/p>\n\n\n\n<p><strong>Formulaire en ligne<\/strong><\/p>\n\n\n\n<div class=\"wp-block-buttons is-layout-flex wp-block-buttons-is-layout-flex\">\n<div class=\"wp-block-button\"><a class=\"wp-block-button__link has-white-color has-intrepid-blue-background-color has-text-color has-background wp-element-button\" href=\"https:\/\/intrepid.ca\/fr\/soumettre-une-demande-denquete\/\" style=\"border-radius:4px\"><i class=\"fas fa-pencil-alt\"><\/i> Soumettre une demande d\u2019enqu\u00eate<\/a><\/div>\n<\/div>\n<\/div>\n\n\n\n<div class=\"wp-block-column is-layout-flow wp-block-column-is-layout-flow\">\n<p><\/p>\n<\/div>\n<\/div>\n","protected":false},"excerpt":{"rendered":"<p>Merci pour votre int\u00e9r\u00eat. Vous trouverez ci-dessous comment nous joindre. Nous serons heureux de r\u00e9pondre \u00e0 toutes les questions que vous avez et de vous fournir des services de confiance pour lesquels nous avons d\u00e9j\u00e0 fait nos preuves. Merci de nous contacter aux coordonn\u00e9es indiqu\u00e9es ci-dessous, un membre de notre \u00e9quipe se fera un plaisir [&hellip;]<\/p>\n","protected":false},"author":2,"featured_media":888,"parent":0,"menu_order":0,"comment_status":"closed","ping_status":"closed","template":"page-full-width.php","meta":{"_acf_changed":false,"footnotes":""},"class_list":["post-994","page","type-page","status-publish","has-post-thumbnail","hentry"],"acf":[],"yoast_head":"<!-- This site is optimized with the Yoast SEO plugin v27.2 - https:\/\/yoast.com\/product\/yoast-seo-wordpress\/ -->\n<title>nous joindre - Intrepid Investigations<\/title>\n<meta name=\"robots\" content=\"index, follow, max-snippet:-1, max-image-preview:large, max-video-preview:-1\" \/>\n<link rel=\"canonical\" href=\"https:\/\/intrepid.ca\/fr\/nous-joindre\/\" \/>\n<meta property=\"og:locale\" content=\"fr_CA\" \/>\n<meta property=\"og:type\" content=\"article\" \/>\n<meta property=\"og:title\" content=\"nous joindre - Intrepid Investigations\" \/>\n<meta property=\"og:description\" content=\"Merci pour votre int\u00e9r\u00eat. Vous trouverez ci-dessous comment nous joindre. Nous serons heureux de r\u00e9pondre \u00e0 toutes les questions que vous avez et de vous fournir des services de confiance pour lesquels nous avons d\u00e9j\u00e0 fait nos preuves. Merci de nous contacter aux coordonn\u00e9es indiqu\u00e9es ci-dessous, un membre de notre \u00e9quipe se fera un plaisir [&hellip;]\" \/>\n<meta property=\"og:url\" content=\"https:\/\/intrepid.ca\/fr\/nous-joindre\/\" \/>\n<meta property=\"og:site_name\" content=\"Intrepid Investigations\" \/>\n<meta property=\"article:modified_time\" content=\"2024-10-04T15:28:49+00:00\" \/>\n<meta property=\"og:image\" content=\"https:\/\/intrepid.ca\/wp-content\/uploads\/2018\/09\/Intrepid_map_contact.jpg\" \/>\n\t<meta property=\"og:image:width\" content=\"2000\" \/>\n\t<meta property=\"og:image:height\" content=\"1125\" \/>\n\t<meta property=\"og:image:type\" content=\"image\/jpeg\" \/>\n<meta name=\"twitter:card\" content=\"summary_large_image\" \/>\n<meta name=\"twitter:label1\" content=\"Estimation du temps de lecture\" \/>\n\t<meta name=\"twitter:data1\" content=\"1 minute\" \/>\n<script type=\"application\/ld+json\" class=\"yoast-schema-graph\">{\"@context\":\"https:\/\/schema.org\",\"@graph\":[{\"@type\":\"WebPage\",\"@id\":\"https:\/\/intrepid.ca\/fr\/nous-joindre\/\",\"url\":\"https:\/\/intrepid.ca\/fr\/nous-joindre\/\",\"name\":\"nous joindre - Intrepid Investigations\",\"isPartOf\":{\"@id\":\"https:\/\/intrepid.ca\/#website\"},\"primaryImageOfPage\":{\"@id\":\"https:\/\/intrepid.ca\/fr\/nous-joindre\/#primaryimage\"},\"image\":{\"@id\":\"https:\/\/intrepid.ca\/fr\/nous-joindre\/#primaryimage\"},\"thumbnailUrl\":\"https:\/\/intrepid.ca\/wp-content\/uploads\/2018\/09\/Intrepid_map_contact.jpg\",\"datePublished\":\"2018-08-09T17:08:05+00:00\",\"dateModified\":\"2024-10-04T15:28:49+00:00\",\"breadcrumb\":{\"@id\":\"https:\/\/intrepid.ca\/fr\/nous-joindre\/#breadcrumb\"},\"inLanguage\":\"fr-CA\",\"potentialAction\":[{\"@type\":\"ReadAction\",\"target\":[\"https:\/\/intrepid.ca\/fr\/nous-joindre\/\"]}]},{\"@type\":\"ImageObject\",\"inLanguage\":\"fr-CA\",\"@id\":\"https:\/\/intrepid.ca\/fr\/nous-joindre\/#primaryimage\",\"url\":\"https:\/\/intrepid.ca\/wp-content\/uploads\/2018\/09\/Intrepid_map_contact.jpg\",\"contentUrl\":\"https:\/\/intrepid.ca\/wp-content\/uploads\/2018\/09\/Intrepid_map_contact.jpg\",\"width\":2000,\"height\":1125},{\"@type\":\"BreadcrumbList\",\"@id\":\"https:\/\/intrepid.ca\/fr\/nous-joindre\/#breadcrumb\",\"itemListElement\":[{\"@type\":\"ListItem\",\"position\":1,\"name\":\"Home\",\"item\":\"https:\/\/intrepid.ca\/fr\/accueil\/\"},{\"@type\":\"ListItem\",\"position\":2,\"name\":\"nous joindre\"}]},{\"@type\":\"WebSite\",\"@id\":\"https:\/\/intrepid.ca\/#website\",\"url\":\"https:\/\/intrepid.ca\/\",\"name\":\"Intrepid Investigations\",\"description\":\"Qualit\u00e9 Mesur\u00e9. R\u00e9sultats Prouv\u00e9s.\",\"publisher\":{\"@id\":\"https:\/\/intrepid.ca\/#organization\"},\"potentialAction\":[{\"@type\":\"SearchAction\",\"target\":{\"@type\":\"EntryPoint\",\"urlTemplate\":\"https:\/\/intrepid.ca\/?s={search_term_string}\"},\"query-input\":{\"@type\":\"PropertyValueSpecification\",\"valueRequired\":true,\"valueName\":\"search_term_string\"}}],\"inLanguage\":\"fr-CA\"},{\"@type\":\"Organization\",\"@id\":\"https:\/\/intrepid.ca\/#organization\",\"name\":\"Intrepid Investigations\",\"url\":\"https:\/\/intrepid.ca\/\",\"logo\":{\"@type\":\"ImageObject\",\"inLanguage\":\"fr-CA\",\"@id\":\"https:\/\/intrepid.ca\/#\/schema\/logo\/image\/\",\"url\":\"https:\/\/intrepid.ca\/wp-content\/uploads\/2018\/10\/intrepid-investigations_logo-324.png\",\"contentUrl\":\"https:\/\/intrepid.ca\/wp-content\/uploads\/2018\/10\/intrepid-investigations_logo-324.png\",\"width\":340,\"height\":100,\"caption\":\"Intrepid Investigations\"},\"image\":{\"@id\":\"https:\/\/intrepid.ca\/#\/schema\/logo\/image\/\"}}]}<\/script>\n<!-- \/ Yoast SEO plugin. -->","yoast_head_json":{"title":"nous joindre - Intrepid Investigations","robots":{"index":"index","follow":"follow","max-snippet":"max-snippet:-1","max-image-preview":"max-image-preview:large","max-video-preview":"max-video-preview:-1"},"canonical":"https:\/\/intrepid.ca\/fr\/nous-joindre\/","og_locale":"fr_CA","og_type":"article","og_title":"nous joindre - Intrepid Investigations","og_description":"Merci pour votre int\u00e9r\u00eat. Vous trouverez ci-dessous comment nous joindre. Nous serons heureux de r\u00e9pondre \u00e0 toutes les questions que vous avez et de vous fournir des services de confiance pour lesquels nous avons d\u00e9j\u00e0 fait nos preuves. Merci de nous contacter aux coordonn\u00e9es indiqu\u00e9es ci-dessous, un membre de notre \u00e9quipe se fera un plaisir [&hellip;]","og_url":"https:\/\/intrepid.ca\/fr\/nous-joindre\/","og_site_name":"Intrepid Investigations","article_modified_time":"2024-10-04T15:28:49+00:00","og_image":[{"width":2000,"height":1125,"url":"https:\/\/intrepid.ca\/wp-content\/uploads\/2018\/09\/Intrepid_map_contact.jpg","type":"image\/jpeg"}],"twitter_card":"summary_large_image","twitter_misc":{"Estimation du temps de lecture":"1 minute"},"schema":{"@context":"https:\/\/schema.org","@graph":[{"@type":"WebPage","@id":"https:\/\/intrepid.ca\/fr\/nous-joindre\/","url":"https:\/\/intrepid.ca\/fr\/nous-joindre\/","name":"nous joindre - Intrepid Investigations","isPartOf":{"@id":"https:\/\/intrepid.ca\/#website"},"primaryImageOfPage":{"@id":"https:\/\/intrepid.ca\/fr\/nous-joindre\/#primaryimage"},"image":{"@id":"https:\/\/intrepid.ca\/fr\/nous-joindre\/#primaryimage"},"thumbnailUrl":"https:\/\/intrepid.ca\/wp-content\/uploads\/2018\/09\/Intrepid_map_contact.jpg","datePublished":"2018-08-09T17:08:05+00:00","dateModified":"2024-10-04T15:28:49+00:00","breadcrumb":{"@id":"https:\/\/intrepid.ca\/fr\/nous-joindre\/#breadcrumb"},"inLanguage":"fr-CA","potentialAction":[{"@type":"ReadAction","target":["https:\/\/intrepid.ca\/fr\/nous-joindre\/"]}]},{"@type":"ImageObject","inLanguage":"fr-CA","@id":"https:\/\/intrepid.ca\/fr\/nous-joindre\/#primaryimage","url":"https:\/\/intrepid.ca\/wp-content\/uploads\/2018\/09\/Intrepid_map_contact.jpg","contentUrl":"https:\/\/intrepid.ca\/wp-content\/uploads\/2018\/09\/Intrepid_map_contact.jpg","width":2000,"height":1125},{"@type":"BreadcrumbList","@id":"https:\/\/intrepid.ca\/fr\/nous-joindre\/#breadcrumb","itemListElement":[{"@type":"ListItem","position":1,"name":"Home","item":"https:\/\/intrepid.ca\/fr\/accueil\/"},{"@type":"ListItem","position":2,"name":"nous joindre"}]},{"@type":"WebSite","@id":"https:\/\/intrepid.ca\/#website","url":"https:\/\/intrepid.ca\/","name":"Intrepid Investigations","description":"Qualit\u00e9 Mesur\u00e9. R\u00e9sultats Prouv\u00e9s.","publisher":{"@id":"https:\/\/intrepid.ca\/#organization"},"potentialAction":[{"@type":"SearchAction","target":{"@type":"EntryPoint","urlTemplate":"https:\/\/intrepid.ca\/?s={search_term_string}"},"query-input":{"@type":"PropertyValueSpecification","valueRequired":true,"valueName":"search_term_string"}}],"inLanguage":"fr-CA"},{"@type":"Organization","@id":"https:\/\/intrepid.ca\/#organization","name":"Intrepid Investigations","url":"https:\/\/intrepid.ca\/","logo":{"@type":"ImageObject","inLanguage":"fr-CA","@id":"https:\/\/intrepid.ca\/#\/schema\/logo\/image\/","url":"https:\/\/intrepid.ca\/wp-content\/uploads\/2018\/10\/intrepid-investigations_logo-324.png","contentUrl":"https:\/\/intrepid.ca\/wp-content\/uploads\/2018\/10\/intrepid-investigations_logo-324.png","width":340,"height":100,"caption":"Intrepid Investigations"},"image":{"@id":"https:\/\/intrepid.ca\/#\/schema\/logo\/image\/"}}]}},"_links":{"self":[{"href":"https:\/\/intrepid.ca\/fr\/wp-json\/wp\/v2\/pages\/994","targetHints":{"allow":["GET"]}}],"collection":[{"href":"https:\/\/intrepid.ca\/fr\/wp-json\/wp\/v2\/pages"}],"about":[{"href":"https:\/\/intrepid.ca\/fr\/wp-json\/wp\/v2\/types\/page"}],"author":[{"embeddable":true,"href":"https:\/\/intrepid.ca\/fr\/wp-json\/wp\/v2\/users\/2"}],"replies":[{"embeddable":true,"href":"https:\/\/intrepid.ca\/fr\/wp-json\/wp\/v2\/comments?post=994"}],"version-history":[{"count":12,"href":"https:\/\/intrepid.ca\/fr\/wp-json\/wp\/v2\/pages\/994\/revisions"}],"predecessor-version":[{"id":1535,"href":"https:\/\/intrepid.ca\/fr\/wp-json\/wp\/v2\/pages\/994\/revisions\/1535"}],"wp:featuredmedia":[{"embeddable":true,"href":"https:\/\/intrepid.ca\/fr\/wp-json\/wp\/v2\/media\/888"}],"wp:attachment":[{"href":"https:\/\/intrepid.ca\/fr\/wp-json\/wp\/v2\/media?parent=994"}],"curies":[{"name":"wp","href":"https:\/\/api.w.org\/{rel}","templated":true}]}}