{"id":941,"date":"2018-03-26T16:57:43","date_gmt":"2018-03-26T20:57:43","guid":{"rendered":"https:\/\/intrepid.ca\/about-us\/"},"modified":"2024-10-04T10:59:30","modified_gmt":"2024-10-04T14:59:30","slug":"une-entreprise-canadienne","status":"publish","type":"page","link":"https:\/\/intrepid.ca\/fr\/une-entreprise-canadienne\/","title":{"rendered":"une entreprise canadienne"},"content":{"rendered":"\n<h2 class=\"wp-block-heading\" id=\"ce-qui-nous-tient-a-coeur\"><strong>Ce qui nous tient \u00e0 c\u0153ur.<\/strong><\/h2>\n\n\n\n<p>C&rsquo;est notre conviction que le service \u00e0 la client\u00e8le est synonyme d&rsquo;altruisme et de soutien \u00e0 la connexion c\u0153ur-esprit et \u00e0 la communaut\u00e9. Nous nous pr\u00e9occupons de votre r\u00e9ussite et de votre bien-\u00eatre, non seulement par l&rsquo;excellence professionnelle, mais aussi par la gentillesse et le souci de chacun. L&rsquo;attention que nous portons \u00e0 vous, \u00e0 votre \u00e9quipe, \u00e0 vos partenaires et \u00e0 votre investissement dans votre marque est \u00e0 l&rsquo;origine de la culture de notre entreprise, de sorte que les r\u00e9sultats que nous obtenons lorsque nous travaillons pour vous ne sont pas seulement techniquement corrects, mais aussi utiles \u00e0 tous les niveaux possibles.<\/p>\n\n\n\n<p>Intrepid Investigations est le \u00ab bouton facile \u00bb. Notre objectif est d&rsquo;\u00eatre une source de services compl\u00e8te, fiable et durable qui fournit un produit constant et fiable dans toutes les r\u00e9gions du Canada. Reconnus depuis 1991, nous offrons une exp\u00e9rience exceptionnelle qui est dirig\u00e9e par le client et qui se concentre sur ce qui est vraiment important, c&rsquo;est-\u00e0-dire cultiver des relations significatives et fournir des r\u00e9sultats finaux qui ont un impact, et qui sont soutenus de fa\u00e7on empirique et dont la qualit\u00e9 est garantie.<\/p>\n\n\n\n<p>Nous sommes une compagnie distingu\u00e9e, certifi\u00e9e <a href=\"https:\/\/www.iso.org\/fr\/home.html\" target=\"_blank\" rel=\"noreferrer noopener nofollow\">ISO 9001:2015<\/a>, une organisation signataire du <a href=\"https:\/\/unglobalcompact.org\/\" target=\"_blank\" rel=\"noreferrer noopener nofollow\">Pacte mondial des Nations Unies<\/a> (PMNU) et nous nous engageons dans l&rsquo;initiative \u00ab\u00a0Science Based Targets\u00a0\u00bb (Initiative SBT). En tant qu&rsquo;organisation socialement responsable, nous nous engageons \u00e0 agir en faveur du climat et \u00e0 assurer que nos pratiques professionnelles refl\u00e8tent les valeurs et les relations entre notre personnel, nos clients et le bien-\u00eatre de notre plan\u00e8te. Intrepid encourage une culture de travail d&rsquo;\u00e9quipe, de collaboration et de compassion, o\u00f9 la r\u00e9ussite professionnelle et le bien-\u00eatre c\u0153ur-esprit re\u00e7oivent la m\u00eame importance. Nous mettons notre philosophie inclusive en pratique en employant une \u00e9quipe de professionnels diversifi\u00e9e qui fournissent des informations et des preuves concr\u00e8tes qui renforcent les capacit\u00e9s de prise de d\u00e9cision de nos clients.<\/p>\n\n\n\n<div class=\"wp-block-group p-5 mb-5 has-white-color has-intrepid-blue-semi-transparent-background-color has-text-color has-background is-layout-flow wp-block-group-is-layout-flow\">\n<p><strong>Notre vision<\/strong> pour l&rsquo;entreprise est de privil\u00e9gier la durabilit\u00e9, la qualit\u00e9, la gentillesse et la diversit\u00e9 sociale, en reconnaissant l&rsquo;importance d&rsquo;\u00eatre une source d&#8217;emploi stable o\u00f9 le potentiel est cultiv\u00e9, les relations sont honor\u00e9es et l&rsquo;am\u00e9lioration continue est accept\u00e9e.<\/p>\n\n\n\n<p><strong>Notre mission<\/strong> est d\u2019\u00eatre centr\u00e9 sur le client, altruiste et attentionn\u00e9 dans notre service aux autres. Apporter un soin particulier aux d\u00e9tails et comprendre profond\u00e9ment les besoins de nos clients. Avoir une \u00e9quipe soud\u00e9e qui porte une attention d\u00e9taill\u00e9e et qui fournit syst\u00e9matiquement des produits pertinents et impactants. \u00catre enracin\u00e9e dans des m\u00e9triques solides et de mesurer authentiquement notre performance en fonction des retours et des besoins des clients. \u00catre ouvert d\u2019esprit et conscient, scruter l\u2019horizon et anticiper les tendances futures avec enthousiasme afin d\u2019\u00eatre innovant, un leader de l\u2019industrie et un agent de changement positif.<\/p>\n\n\n\n<p class=\"mb-0\"><strong>Nos valeurs<\/strong> sont d&rsquo;avoir une culture d&rsquo;action climatique, de travail d&rsquo;\u00e9quipe, de collaboration et de compassion, o\u00f9 le succ\u00e8s op\u00e9rationnel et le bien-\u00eatre c\u0153ur-esprit re\u00e7oivent la m\u00eame importance. Cultiver une atmosph\u00e8re de pleine conscience, o\u00f9 les qualit\u00e9s de pr\u00e9venance, d&rsquo;engagement et de gentillesse sont c\u00e9l\u00e9br\u00e9es. Un lieu qui inspire la cordialit\u00e9, l&rsquo;honn\u00eatet\u00e9, la sinc\u00e9rit\u00e9 et la transparence qui m\u00e8ne \u00e0 la confiance dans tous les aspects de notre entreprise.<\/p>\n<\/div>\n\n\n\n<p>C&rsquo;est \u00e0 travers notre vision, notre mission et nos valeurs que nous commen\u00e7ons le processus d&rsquo;inspiration et de responsabilisation de nos employ\u00e9s pour diriger une \u00e9nergie positive dans chaque mission. Chez Intrepid, nous mettons notre philosophie inclusive en pratique en employant une \u00e9quipe diversifi\u00e9e de professionnels qui utilisent des comp\u00e9tences aiguis\u00e9es, une technologie de pointe et pratiques exemplaires \u00e9prouv\u00e9es pour produire des r\u00e9sultats qui renforcent v\u00e9ritablement les capacit\u00e9s de prise de d\u00e9cision de nos clients.<strong><\/strong><\/p>\n\n\n\n<p>Intrepid est un membre en r\u00e8gle de l&rsquo;Association des enqu\u00eateurs professionnels de la Colombie-Britannique, l&rsquo;Association des enqu\u00eateurs professionnels de l\u2019Alberta, du Conseil des enqu\u00eateurs professionnels de l\u2019Ontario et du Conseil des enqu\u00eateurs professionnels du Canada Atlantique. Notre entreprise a le statut d\u2019organisme d\u2019enqu\u00eate et se conforme \u00e0 toutes les lois canadiennes sur la protection de la vie priv\u00e9e, y compris la loi sur la protection des renseignements personnels (PIPA) et la loi sur la protection des renseignements personnels et les documents \u00e9lectroniques (LPRPDE).<\/p>\n","protected":false},"excerpt":{"rendered":"<p>Ce qui nous tient \u00e0 c\u0153ur. C&rsquo;est notre conviction que le service \u00e0 la client\u00e8le est synonyme d&rsquo;altruisme et de soutien \u00e0 la connexion c\u0153ur-esprit et \u00e0 la communaut\u00e9. Nous nous pr\u00e9occupons de votre r\u00e9ussite et de votre bien-\u00eatre, non seulement par l&rsquo;excellence professionnelle, mais aussi par la gentillesse et le souci de chacun. L&rsquo;attention [&hellip;]<\/p>\n","protected":false},"author":2,"featured_media":920,"parent":0,"menu_order":0,"comment_status":"closed","ping_status":"closed","template":"page-full-width.php","meta":{"_acf_changed":false,"footnotes":""},"class_list":["post-941","page","type-page","status-publish","has-post-thumbnail","hentry"],"acf":[],"yoast_head":"<!-- This site is optimized with the Yoast SEO plugin v27.4 - https:\/\/yoast.com\/product\/yoast-seo-wordpress\/ -->\n<title>une entreprise canadienne - Intrepid Investigations<\/title>\n<meta name=\"robots\" content=\"index, follow, max-snippet:-1, max-image-preview:large, max-video-preview:-1\" \/>\n<link rel=\"canonical\" href=\"https:\/\/intrepid.ca\/fr\/une-entreprise-canadienne\/\" \/>\n<meta property=\"og:locale\" content=\"fr_CA\" \/>\n<meta property=\"og:type\" content=\"article\" \/>\n<meta property=\"og:title\" content=\"une entreprise canadienne - Intrepid Investigations\" \/>\n<meta property=\"og:description\" content=\"Ce qui nous tient \u00e0 c\u0153ur. C&rsquo;est notre conviction que le service \u00e0 la client\u00e8le est synonyme d&rsquo;altruisme et de soutien \u00e0 la connexion c\u0153ur-esprit et \u00e0 la communaut\u00e9. Nous nous pr\u00e9occupons de votre r\u00e9ussite et de votre bien-\u00eatre, non seulement par l&rsquo;excellence professionnelle, mais aussi par la gentillesse et le souci de chacun. L&rsquo;attention [&hellip;]\" \/>\n<meta property=\"og:url\" content=\"https:\/\/intrepid.ca\/fr\/une-entreprise-canadienne\/\" \/>\n<meta property=\"og:site_name\" content=\"Intrepid Investigations\" \/>\n<meta property=\"article:modified_time\" content=\"2024-10-04T14:59:30+00:00\" \/>\n<meta property=\"og:image\" content=\"https:\/\/intrepid.ca\/wp-content\/uploads\/2018\/10\/about-us-a-canadian-company.jpg\" \/>\n\t<meta property=\"og:image:width\" content=\"2000\" \/>\n\t<meta property=\"og:image:height\" content=\"1125\" \/>\n\t<meta property=\"og:image:type\" content=\"image\/jpeg\" \/>\n<meta name=\"twitter:card\" content=\"summary_large_image\" \/>\n<meta name=\"twitter:label1\" content=\"Estimation du temps de lecture\" \/>\n\t<meta name=\"twitter:data1\" content=\"4 minutes\" \/>\n<script type=\"application\/ld+json\" class=\"yoast-schema-graph\">{\"@context\":\"https:\\\/\\\/schema.org\",\"@graph\":[{\"@type\":\"WebPage\",\"@id\":\"https:\\\/\\\/intrepid.ca\\\/fr\\\/une-entreprise-canadienne\\\/\",\"url\":\"https:\\\/\\\/intrepid.ca\\\/fr\\\/une-entreprise-canadienne\\\/\",\"name\":\"une entreprise canadienne - Intrepid Investigations\",\"isPartOf\":{\"@id\":\"https:\\\/\\\/intrepid.ca\\\/#website\"},\"primaryImageOfPage\":{\"@id\":\"https:\\\/\\\/intrepid.ca\\\/fr\\\/une-entreprise-canadienne\\\/#primaryimage\"},\"image\":{\"@id\":\"https:\\\/\\\/intrepid.ca\\\/fr\\\/une-entreprise-canadienne\\\/#primaryimage\"},\"thumbnailUrl\":\"https:\\\/\\\/intrepid.ca\\\/wp-content\\\/uploads\\\/2018\\\/10\\\/about-us-a-canadian-company.jpg\",\"datePublished\":\"2018-03-26T20:57:43+00:00\",\"dateModified\":\"2024-10-04T14:59:30+00:00\",\"breadcrumb\":{\"@id\":\"https:\\\/\\\/intrepid.ca\\\/fr\\\/une-entreprise-canadienne\\\/#breadcrumb\"},\"inLanguage\":\"fr-CA\",\"potentialAction\":[{\"@type\":\"ReadAction\",\"target\":[\"https:\\\/\\\/intrepid.ca\\\/fr\\\/une-entreprise-canadienne\\\/\"]}]},{\"@type\":\"ImageObject\",\"inLanguage\":\"fr-CA\",\"@id\":\"https:\\\/\\\/intrepid.ca\\\/fr\\\/une-entreprise-canadienne\\\/#primaryimage\",\"url\":\"https:\\\/\\\/intrepid.ca\\\/wp-content\\\/uploads\\\/2018\\\/10\\\/about-us-a-canadian-company.jpg\",\"contentUrl\":\"https:\\\/\\\/intrepid.ca\\\/wp-content\\\/uploads\\\/2018\\\/10\\\/about-us-a-canadian-company.jpg\",\"width\":2000,\"height\":1125},{\"@type\":\"BreadcrumbList\",\"@id\":\"https:\\\/\\\/intrepid.ca\\\/fr\\\/une-entreprise-canadienne\\\/#breadcrumb\",\"itemListElement\":[{\"@type\":\"ListItem\",\"position\":1,\"name\":\"Home\",\"item\":\"https:\\\/\\\/intrepid.ca\\\/fr\\\/accueil\\\/\"},{\"@type\":\"ListItem\",\"position\":2,\"name\":\"une entreprise canadienne\"}]},{\"@type\":\"WebSite\",\"@id\":\"https:\\\/\\\/intrepid.ca\\\/#website\",\"url\":\"https:\\\/\\\/intrepid.ca\\\/\",\"name\":\"Intrepid Investigations\",\"description\":\"Qualit\u00e9 Mesur\u00e9. R\u00e9sultats Prouv\u00e9s.\",\"publisher\":{\"@id\":\"https:\\\/\\\/intrepid.ca\\\/#organization\"},\"potentialAction\":[{\"@type\":\"SearchAction\",\"target\":{\"@type\":\"EntryPoint\",\"urlTemplate\":\"https:\\\/\\\/intrepid.ca\\\/?s={search_term_string}\"},\"query-input\":{\"@type\":\"PropertyValueSpecification\",\"valueRequired\":true,\"valueName\":\"search_term_string\"}}],\"inLanguage\":\"fr-CA\"},{\"@type\":\"Organization\",\"@id\":\"https:\\\/\\\/intrepid.ca\\\/#organization\",\"name\":\"Intrepid Investigations\",\"url\":\"https:\\\/\\\/intrepid.ca\\\/\",\"logo\":{\"@type\":\"ImageObject\",\"inLanguage\":\"fr-CA\",\"@id\":\"https:\\\/\\\/intrepid.ca\\\/#\\\/schema\\\/logo\\\/image\\\/\",\"url\":\"https:\\\/\\\/intrepid.ca\\\/wp-content\\\/uploads\\\/2018\\\/10\\\/intrepid-investigations_logo-324.png\",\"contentUrl\":\"https:\\\/\\\/intrepid.ca\\\/wp-content\\\/uploads\\\/2018\\\/10\\\/intrepid-investigations_logo-324.png\",\"width\":340,\"height\":100,\"caption\":\"Intrepid Investigations\"},\"image\":{\"@id\":\"https:\\\/\\\/intrepid.ca\\\/#\\\/schema\\\/logo\\\/image\\\/\"}}]}<\/script>\n<!-- \/ Yoast SEO plugin. -->","yoast_head_json":{"title":"une entreprise canadienne - Intrepid Investigations","robots":{"index":"index","follow":"follow","max-snippet":"max-snippet:-1","max-image-preview":"max-image-preview:large","max-video-preview":"max-video-preview:-1"},"canonical":"https:\/\/intrepid.ca\/fr\/une-entreprise-canadienne\/","og_locale":"fr_CA","og_type":"article","og_title":"une entreprise canadienne - Intrepid Investigations","og_description":"Ce qui nous tient \u00e0 c\u0153ur. C&rsquo;est notre conviction que le service \u00e0 la client\u00e8le est synonyme d&rsquo;altruisme et de soutien \u00e0 la connexion c\u0153ur-esprit et \u00e0 la communaut\u00e9. Nous nous pr\u00e9occupons de votre r\u00e9ussite et de votre bien-\u00eatre, non seulement par l&rsquo;excellence professionnelle, mais aussi par la gentillesse et le souci de chacun. L&rsquo;attention [&hellip;]","og_url":"https:\/\/intrepid.ca\/fr\/une-entreprise-canadienne\/","og_site_name":"Intrepid Investigations","article_modified_time":"2024-10-04T14:59:30+00:00","og_image":[{"width":2000,"height":1125,"url":"https:\/\/intrepid.ca\/wp-content\/uploads\/2018\/10\/about-us-a-canadian-company.jpg","type":"image\/jpeg"}],"twitter_card":"summary_large_image","twitter_misc":{"Estimation du temps de lecture":"4 minutes"},"schema":{"@context":"https:\/\/schema.org","@graph":[{"@type":"WebPage","@id":"https:\/\/intrepid.ca\/fr\/une-entreprise-canadienne\/","url":"https:\/\/intrepid.ca\/fr\/une-entreprise-canadienne\/","name":"une entreprise canadienne - Intrepid Investigations","isPartOf":{"@id":"https:\/\/intrepid.ca\/#website"},"primaryImageOfPage":{"@id":"https:\/\/intrepid.ca\/fr\/une-entreprise-canadienne\/#primaryimage"},"image":{"@id":"https:\/\/intrepid.ca\/fr\/une-entreprise-canadienne\/#primaryimage"},"thumbnailUrl":"https:\/\/intrepid.ca\/wp-content\/uploads\/2018\/10\/about-us-a-canadian-company.jpg","datePublished":"2018-03-26T20:57:43+00:00","dateModified":"2024-10-04T14:59:30+00:00","breadcrumb":{"@id":"https:\/\/intrepid.ca\/fr\/une-entreprise-canadienne\/#breadcrumb"},"inLanguage":"fr-CA","potentialAction":[{"@type":"ReadAction","target":["https:\/\/intrepid.ca\/fr\/une-entreprise-canadienne\/"]}]},{"@type":"ImageObject","inLanguage":"fr-CA","@id":"https:\/\/intrepid.ca\/fr\/une-entreprise-canadienne\/#primaryimage","url":"https:\/\/intrepid.ca\/wp-content\/uploads\/2018\/10\/about-us-a-canadian-company.jpg","contentUrl":"https:\/\/intrepid.ca\/wp-content\/uploads\/2018\/10\/about-us-a-canadian-company.jpg","width":2000,"height":1125},{"@type":"BreadcrumbList","@id":"https:\/\/intrepid.ca\/fr\/une-entreprise-canadienne\/#breadcrumb","itemListElement":[{"@type":"ListItem","position":1,"name":"Home","item":"https:\/\/intrepid.ca\/fr\/accueil\/"},{"@type":"ListItem","position":2,"name":"une entreprise canadienne"}]},{"@type":"WebSite","@id":"https:\/\/intrepid.ca\/#website","url":"https:\/\/intrepid.ca\/","name":"Intrepid Investigations","description":"Qualit\u00e9 Mesur\u00e9. R\u00e9sultats Prouv\u00e9s.","publisher":{"@id":"https:\/\/intrepid.ca\/#organization"},"potentialAction":[{"@type":"SearchAction","target":{"@type":"EntryPoint","urlTemplate":"https:\/\/intrepid.ca\/?s={search_term_string}"},"query-input":{"@type":"PropertyValueSpecification","valueRequired":true,"valueName":"search_term_string"}}],"inLanguage":"fr-CA"},{"@type":"Organization","@id":"https:\/\/intrepid.ca\/#organization","name":"Intrepid Investigations","url":"https:\/\/intrepid.ca\/","logo":{"@type":"ImageObject","inLanguage":"fr-CA","@id":"https:\/\/intrepid.ca\/#\/schema\/logo\/image\/","url":"https:\/\/intrepid.ca\/wp-content\/uploads\/2018\/10\/intrepid-investigations_logo-324.png","contentUrl":"https:\/\/intrepid.ca\/wp-content\/uploads\/2018\/10\/intrepid-investigations_logo-324.png","width":340,"height":100,"caption":"Intrepid Investigations"},"image":{"@id":"https:\/\/intrepid.ca\/#\/schema\/logo\/image\/"}}]}},"_links":{"self":[{"href":"https:\/\/intrepid.ca\/fr\/wp-json\/wp\/v2\/pages\/941","targetHints":{"allow":["GET"]}}],"collection":[{"href":"https:\/\/intrepid.ca\/fr\/wp-json\/wp\/v2\/pages"}],"about":[{"href":"https:\/\/intrepid.ca\/fr\/wp-json\/wp\/v2\/types\/page"}],"author":[{"embeddable":true,"href":"https:\/\/intrepid.ca\/fr\/wp-json\/wp\/v2\/users\/2"}],"replies":[{"embeddable":true,"href":"https:\/\/intrepid.ca\/fr\/wp-json\/wp\/v2\/comments?post=941"}],"version-history":[{"count":6,"href":"https:\/\/intrepid.ca\/fr\/wp-json\/wp\/v2\/pages\/941\/revisions"}],"predecessor-version":[{"id":1530,"href":"https:\/\/intrepid.ca\/fr\/wp-json\/wp\/v2\/pages\/941\/revisions\/1530"}],"wp:featuredmedia":[{"embeddable":true,"href":"https:\/\/intrepid.ca\/fr\/wp-json\/wp\/v2\/media\/920"}],"wp:attachment":[{"href":"https:\/\/intrepid.ca\/fr\/wp-json\/wp\/v2\/media?parent=941"}],"curies":[{"name":"wp","href":"https:\/\/api.w.org\/{rel}","templated":true}]}}