{"id":933,"date":"2018-09-26T17:10:22","date_gmt":"2018-09-26T21:10:22","guid":{"rendered":"https:\/\/intrepid.ca\/leadership\/"},"modified":"2025-12-16T11:12:25","modified_gmt":"2025-12-16T16:12:25","slug":"notre-equipe","status":"publish","type":"page","link":"https:\/\/intrepid.ca\/fr\/notre-equipe\/","title":{"rendered":"Notre \u00e9quipe"},"content":{"rendered":"\n<h2 class=\"wp-block-heading\" id=\"en-savoir-plus-sur-nous\">En savoir plus sur nous.<\/h2>\n","protected":false},"excerpt":{"rendered":"<p>En savoir plus sur nous.<\/p>\n","protected":false},"author":2,"featured_media":910,"parent":0,"menu_order":0,"comment_status":"closed","ping_status":"closed","template":"page-full-width.php","meta":{"_acf_changed":false,"footnotes":""},"class_list":["post-933","page","type-page","status-publish","has-post-thumbnail","hentry"],"acf":[],"yoast_head":"<!-- This site is optimized with the Yoast SEO plugin v27.2 - https:\/\/yoast.com\/product\/yoast-seo-wordpress\/ -->\n<title>Notre \u00e9quipe - Intrepid Investigations<\/title>\n<meta name=\"robots\" content=\"index, follow, max-snippet:-1, max-image-preview:large, max-video-preview:-1\" \/>\n<link rel=\"canonical\" href=\"https:\/\/intrepid.ca\/fr\/notre-equipe\/\" \/>\n<meta property=\"og:locale\" content=\"fr_CA\" \/>\n<meta property=\"og:type\" content=\"article\" \/>\n<meta property=\"og:title\" content=\"Notre \u00e9quipe - Intrepid Investigations\" \/>\n<meta property=\"og:description\" content=\"En savoir plus sur nous.\" \/>\n<meta property=\"og:url\" content=\"https:\/\/intrepid.ca\/fr\/notre-equipe\/\" \/>\n<meta property=\"og:site_name\" content=\"Intrepid Investigations\" \/>\n<meta property=\"article:modified_time\" content=\"2025-12-16T16:12:25+00:00\" \/>\n<meta property=\"og:image\" content=\"https:\/\/intrepid.ca\/wp-content\/uploads\/2018\/10\/about-us-altruism-midfulness-intrepid-investigations.jpg\" \/>\n\t<meta property=\"og:image:width\" content=\"2000\" \/>\n\t<meta property=\"og:image:height\" content=\"1125\" \/>\n\t<meta property=\"og:image:type\" content=\"image\/jpeg\" \/>\n<meta name=\"twitter:card\" content=\"summary_large_image\" \/>\n<meta name=\"twitter:label1\" content=\"Estimation du temps de lecture\" \/>\n\t<meta name=\"twitter:data1\" content=\"1 minute\" \/>\n<script type=\"application\/ld+json\" class=\"yoast-schema-graph\">{\"@context\":\"https:\/\/schema.org\",\"@graph\":[{\"@type\":\"WebPage\",\"@id\":\"https:\/\/intrepid.ca\/fr\/notre-equipe\/\",\"url\":\"https:\/\/intrepid.ca\/fr\/notre-equipe\/\",\"name\":\"Notre \u00e9quipe - Intrepid Investigations\",\"isPartOf\":{\"@id\":\"https:\/\/intrepid.ca\/#website\"},\"primaryImageOfPage\":{\"@id\":\"https:\/\/intrepid.ca\/fr\/notre-equipe\/#primaryimage\"},\"image\":{\"@id\":\"https:\/\/intrepid.ca\/fr\/notre-equipe\/#primaryimage\"},\"thumbnailUrl\":\"https:\/\/intrepid.ca\/wp-content\/uploads\/2018\/10\/about-us-altruism-midfulness-intrepid-investigations.jpg\",\"datePublished\":\"2018-09-26T21:10:22+00:00\",\"dateModified\":\"2025-12-16T16:12:25+00:00\",\"breadcrumb\":{\"@id\":\"https:\/\/intrepid.ca\/fr\/notre-equipe\/#breadcrumb\"},\"inLanguage\":\"fr-CA\",\"potentialAction\":[{\"@type\":\"ReadAction\",\"target\":[\"https:\/\/intrepid.ca\/fr\/notre-equipe\/\"]}]},{\"@type\":\"ImageObject\",\"inLanguage\":\"fr-CA\",\"@id\":\"https:\/\/intrepid.ca\/fr\/notre-equipe\/#primaryimage\",\"url\":\"https:\/\/intrepid.ca\/wp-content\/uploads\/2018\/10\/about-us-altruism-midfulness-intrepid-investigations.jpg\",\"contentUrl\":\"https:\/\/intrepid.ca\/wp-content\/uploads\/2018\/10\/about-us-altruism-midfulness-intrepid-investigations.jpg\",\"width\":2000,\"height\":1125},{\"@type\":\"BreadcrumbList\",\"@id\":\"https:\/\/intrepid.ca\/fr\/notre-equipe\/#breadcrumb\",\"itemListElement\":[{\"@type\":\"ListItem\",\"position\":1,\"name\":\"Home\",\"item\":\"https:\/\/intrepid.ca\/fr\/accueil\/\"},{\"@type\":\"ListItem\",\"position\":2,\"name\":\"Notre \u00e9quipe\"}]},{\"@type\":\"WebSite\",\"@id\":\"https:\/\/intrepid.ca\/#website\",\"url\":\"https:\/\/intrepid.ca\/\",\"name\":\"Intrepid Investigations\",\"description\":\"Qualit\u00e9 Mesur\u00e9. R\u00e9sultats Prouv\u00e9s.\",\"publisher\":{\"@id\":\"https:\/\/intrepid.ca\/#organization\"},\"potentialAction\":[{\"@type\":\"SearchAction\",\"target\":{\"@type\":\"EntryPoint\",\"urlTemplate\":\"https:\/\/intrepid.ca\/?s={search_term_string}\"},\"query-input\":{\"@type\":\"PropertyValueSpecification\",\"valueRequired\":true,\"valueName\":\"search_term_string\"}}],\"inLanguage\":\"fr-CA\"},{\"@type\":\"Organization\",\"@id\":\"https:\/\/intrepid.ca\/#organization\",\"name\":\"Intrepid Investigations\",\"url\":\"https:\/\/intrepid.ca\/\",\"logo\":{\"@type\":\"ImageObject\",\"inLanguage\":\"fr-CA\",\"@id\":\"https:\/\/intrepid.ca\/#\/schema\/logo\/image\/\",\"url\":\"https:\/\/intrepid.ca\/wp-content\/uploads\/2018\/10\/intrepid-investigations_logo-324.png\",\"contentUrl\":\"https:\/\/intrepid.ca\/wp-content\/uploads\/2018\/10\/intrepid-investigations_logo-324.png\",\"width\":340,\"height\":100,\"caption\":\"Intrepid Investigations\"},\"image\":{\"@id\":\"https:\/\/intrepid.ca\/#\/schema\/logo\/image\/\"}}]}<\/script>\n<!-- \/ Yoast SEO plugin. -->","yoast_head_json":{"title":"Notre \u00e9quipe - Intrepid Investigations","robots":{"index":"index","follow":"follow","max-snippet":"max-snippet:-1","max-image-preview":"max-image-preview:large","max-video-preview":"max-video-preview:-1"},"canonical":"https:\/\/intrepid.ca\/fr\/notre-equipe\/","og_locale":"fr_CA","og_type":"article","og_title":"Notre \u00e9quipe - Intrepid Investigations","og_description":"En savoir plus sur nous.","og_url":"https:\/\/intrepid.ca\/fr\/notre-equipe\/","og_site_name":"Intrepid Investigations","article_modified_time":"2025-12-16T16:12:25+00:00","og_image":[{"width":2000,"height":1125,"url":"https:\/\/intrepid.ca\/wp-content\/uploads\/2018\/10\/about-us-altruism-midfulness-intrepid-investigations.jpg","type":"image\/jpeg"}],"twitter_card":"summary_large_image","twitter_misc":{"Estimation du temps de lecture":"1 minute"},"schema":{"@context":"https:\/\/schema.org","@graph":[{"@type":"WebPage","@id":"https:\/\/intrepid.ca\/fr\/notre-equipe\/","url":"https:\/\/intrepid.ca\/fr\/notre-equipe\/","name":"Notre \u00e9quipe - Intrepid Investigations","isPartOf":{"@id":"https:\/\/intrepid.ca\/#website"},"primaryImageOfPage":{"@id":"https:\/\/intrepid.ca\/fr\/notre-equipe\/#primaryimage"},"image":{"@id":"https:\/\/intrepid.ca\/fr\/notre-equipe\/#primaryimage"},"thumbnailUrl":"https:\/\/intrepid.ca\/wp-content\/uploads\/2018\/10\/about-us-altruism-midfulness-intrepid-investigations.jpg","datePublished":"2018-09-26T21:10:22+00:00","dateModified":"2025-12-16T16:12:25+00:00","breadcrumb":{"@id":"https:\/\/intrepid.ca\/fr\/notre-equipe\/#breadcrumb"},"inLanguage":"fr-CA","potentialAction":[{"@type":"ReadAction","target":["https:\/\/intrepid.ca\/fr\/notre-equipe\/"]}]},{"@type":"ImageObject","inLanguage":"fr-CA","@id":"https:\/\/intrepid.ca\/fr\/notre-equipe\/#primaryimage","url":"https:\/\/intrepid.ca\/wp-content\/uploads\/2018\/10\/about-us-altruism-midfulness-intrepid-investigations.jpg","contentUrl":"https:\/\/intrepid.ca\/wp-content\/uploads\/2018\/10\/about-us-altruism-midfulness-intrepid-investigations.jpg","width":2000,"height":1125},{"@type":"BreadcrumbList","@id":"https:\/\/intrepid.ca\/fr\/notre-equipe\/#breadcrumb","itemListElement":[{"@type":"ListItem","position":1,"name":"Home","item":"https:\/\/intrepid.ca\/fr\/accueil\/"},{"@type":"ListItem","position":2,"name":"Notre \u00e9quipe"}]},{"@type":"WebSite","@id":"https:\/\/intrepid.ca\/#website","url":"https:\/\/intrepid.ca\/","name":"Intrepid Investigations","description":"Qualit\u00e9 Mesur\u00e9. R\u00e9sultats Prouv\u00e9s.","publisher":{"@id":"https:\/\/intrepid.ca\/#organization"},"potentialAction":[{"@type":"SearchAction","target":{"@type":"EntryPoint","urlTemplate":"https:\/\/intrepid.ca\/?s={search_term_string}"},"query-input":{"@type":"PropertyValueSpecification","valueRequired":true,"valueName":"search_term_string"}}],"inLanguage":"fr-CA"},{"@type":"Organization","@id":"https:\/\/intrepid.ca\/#organization","name":"Intrepid Investigations","url":"https:\/\/intrepid.ca\/","logo":{"@type":"ImageObject","inLanguage":"fr-CA","@id":"https:\/\/intrepid.ca\/#\/schema\/logo\/image\/","url":"https:\/\/intrepid.ca\/wp-content\/uploads\/2018\/10\/intrepid-investigations_logo-324.png","contentUrl":"https:\/\/intrepid.ca\/wp-content\/uploads\/2018\/10\/intrepid-investigations_logo-324.png","width":340,"height":100,"caption":"Intrepid Investigations"},"image":{"@id":"https:\/\/intrepid.ca\/#\/schema\/logo\/image\/"}}]}},"_links":{"self":[{"href":"https:\/\/intrepid.ca\/fr\/wp-json\/wp\/v2\/pages\/933","targetHints":{"allow":["GET"]}}],"collection":[{"href":"https:\/\/intrepid.ca\/fr\/wp-json\/wp\/v2\/pages"}],"about":[{"href":"https:\/\/intrepid.ca\/fr\/wp-json\/wp\/v2\/types\/page"}],"author":[{"embeddable":true,"href":"https:\/\/intrepid.ca\/fr\/wp-json\/wp\/v2\/users\/2"}],"replies":[{"embeddable":true,"href":"https:\/\/intrepid.ca\/fr\/wp-json\/wp\/v2\/comments?post=933"}],"version-history":[{"count":4,"href":"https:\/\/intrepid.ca\/fr\/wp-json\/wp\/v2\/pages\/933\/revisions"}],"predecessor-version":[{"id":1699,"href":"https:\/\/intrepid.ca\/fr\/wp-json\/wp\/v2\/pages\/933\/revisions\/1699"}],"wp:featuredmedia":[{"embeddable":true,"href":"https:\/\/intrepid.ca\/fr\/wp-json\/wp\/v2\/media\/910"}],"wp:attachment":[{"href":"https:\/\/intrepid.ca\/fr\/wp-json\/wp\/v2\/media?parent=933"}],"curies":[{"name":"wp","href":"https:\/\/api.w.org\/{rel}","templated":true}]}}