{"id":1077,"date":"2018-09-27T12:08:15","date_gmt":"2018-09-27T16:08:15","guid":{"rendered":"https:\/\/intrepid.ca\/careers\/"},"modified":"2024-06-20T14:20:10","modified_gmt":"2024-06-20T18:20:10","slug":"carrieres","status":"publish","type":"page","link":"https:\/\/intrepid.ca\/fr\/carrieres\/","title":{"rendered":"Carri\u00e8res"},"content":{"rendered":"\n<h2 class=\"wp-block-heading\" id=\"servir-les-clients-et-decouvrir-le-potentiel-ensemble\"><strong>Servir les clients et d\u00e9couvrir le potentiel ensemble.<\/strong><\/h2>\n\n\n\n<p>Intrepid Investigations est une organisation qui se distingue par sa r\u00e9putation pour sa qualit\u00e9, ses normes professionnelles et la reconnaissance de ses employ\u00e9s. Nous sommes v\u00e9ritablement d\u00e9di\u00e9s \u00e0 la durabilit\u00e9 de l&#8217;emploi \u00e0 long terme. Chez Intrepid, servir les clients commence par notre entreprise qui vous sert en fournissant la formation, le coaching, le leadership et la culture qui cr\u00e9ent les conditions optimales pour d\u00e9couvrir votre potentiel et vous aider \u00e0 r\u00e9ussir. Nous sommes sinc\u00e8rement int\u00e9ress\u00e9s \u00e0 \u00e9tablir une relation avec vous si vous \u00eates motiv\u00e9 par l&rsquo;obtention de r\u00e9sultats pour les clients et que vous aimez travailler dans une atmosph\u00e8re ax\u00e9e sur la performance qui met l&rsquo;accent sur la gentillesse et le travail d&rsquo;\u00e9quipe.<\/p>\n\n\n\n<h3 class=\"wp-block-heading\" id=\"current-opportunities\"><strong>Opportunit\u00e9s actuelles<\/strong><\/h3>\n\n\n\n<hr class=\"wp-block-separator has-text-color has-vivid-cyan-blue-color has-css-opacity has-vivid-cyan-blue-background-color has-background is-style-wide\"\/>\n\n\n\n<div class=\"wp-block-buttons is-layout-flex wp-block-buttons-is-layout-flex\">\n<div class=\"wp-block-button has-custom-font-size\" style=\"font-size:14px\"><a class=\"wp-block-button__link has-white-color has-text-color has-background wp-element-button\" href=\"#application-form\" style=\"border-radius:5px;background-color:#0e5ca7\"> To apply please use the form below. <\/a><\/div>\n<\/div>\n\n\n\n<hr class=\"wp-block-separator has-text-color has-vivid-cyan-blue-color has-css-opacity has-vivid-cyan-blue-background-color has-background is-style-wide\"\/>\n\n\n\n<figure class=\"wp-block-table is-style-stripes table-responsive\"><table><tbody><tr><td>Position 101 <br><strong>Surveillance Investigator<\/strong><\/td><td>A private Investigation organization distinguished by its reputation for quality, professional standards and employee recognition, Intrepid Investigations seeks both inexperienced and experienced private investigators who are motivated by and enjoy working in a performance driven atmosphere that emphasizes kindness and teamwork.<\/td><\/tr><tr><td>Role<\/td><td>This role will report to a Client Services Manager and will be responsible for conducting surveillance investigations and tasks in concert with core processes, best practices and operational plans to ensure that the service provided is consistent, predictable, legally sound and goal oriented from our client&rsquo;s perspective. The employee will be expected to be prepared to succeed at all times, agile and innovative in their approach to assignment planning, strategy and operational tactics, and ethical in every aspect of their day to day work. The primary areas of responsibility and duties for this role will be:<br><br>\n                    <ul>\n                        <li>Contribute to reinforcing a corporate philosophy and culture of quality, continuous improvement &amp; innovation<\/li>\n                        <li>Ensure a client driven focus in all aspects of operations<\/li>\n                        <li>Consistently be a professional, enthusiastic and cooperative team member who practices effective, kind &amp; contextual communication<\/li>\n                        <li>Carefully apply policy, procedure and guidelines in coordination with assignment objectives<\/li>\n                        <li>Obtain the most accurate and thorough information and visual evidence possible on each assignment<\/li>\n                        <li>Ensure information that is collected is documented at the highest standard possible<\/li>\n                        <li>Provide managers and clients with timely and complete information updates so they are effectively engaged in the decision making process<\/li>\n                    <\/ul>\n                <\/td><\/tr><tr><td>Location<\/td><td>\n                <strong> Ontario <\/strong>\n                    <ul>\n                        <li>Greater Toronto Area<\/li>\n                         <li>Kitchner\/Waterloo (Part Time)<\/li>\n                         <li>London (Part Time)<\/li>\n                        <li>Ottawa<\/li>\n                        <li>Thunder Bay (Part Time)<\/li>\n                        <li>Windsor (Part Time)<\/li>\n                    <\/ul>\n                    <strong>Alberta<\/strong>\n                    <ul>\n                    <li>Calgary<\/li>\n                    <\/ul>\n                <\/td><\/tr><tr><td>Education &amp; Experience<\/td><td>\n                    <ul>\n                        <li>Experience preferred, but not necessary &#8211; Training will be provided<\/li>\n                        <li>Previous surveillance experience an asset<\/li>\n                        <li>Must have valid private investigator license<\/li>\n                        <li>Driver\u2019s license<\/li>\n                        <li>Role appropriate vehicle<\/li>\n                        <li>Capacity to work flexible hours<\/li>\n                        <li>Optimal oral and written communication<\/li>\n                        <li>Enjoys working with high technology<\/li>\n                    <\/ul>\n                <\/td><\/tr><tr><td>Remuneration and Benefits<\/td><td>Competitive wages, medical and dental benefits, health and vision care, paid sick days, flexible schedule<\/td><\/tr><\/tbody><\/table><\/figure>\n\n\n\n<hr class=\"wp-block-separator has-text-color has-vivid-cyan-blue-color has-css-opacity has-vivid-cyan-blue-background-color has-background is-style-wide\"\/>\n\n\n\n<hr class=\"wp-block-separator has-css-opacity is-style-wide\"\/>\n\n\n\n<h2 class=\"wp-block-heading\" id=\"opportunites-actuelles\">Opportunit\u00e9s actuelles <\/h2>\n\n\n\n<h3 class=\"wp-block-heading\" id=\"formulaire-de-demande\">Formulaire de demande<\/h3>\n\n\n\n<!-- logiforms.com integration code - copy and paste anywhere on your page -->\n<script type=\"text\/javascript\">\nvar formscript =  '\/\/cdn.logiforms.com\/v3\/build\/ext\/formProxy-min.js';\nvar head= document.getElementsByTagName('head')[0];\nvar script= document.createElement('script');\nscript.type = 'text\/javascript';\nscript.src = formscript;\nhead.appendChild(script);\nwindow.formproxyS2=true;\n\nwindow.addForm = function(){\nFormProxy = new FormProxy({\n\t\/\/ user editable\n\tresizeOnDemand\t\t: true,\n   scrollTop           : true,\n\theight\t\t\t\t: 500,\n\twidth\t\t\t\t: '100%',\n\tscrolling\t\t\t: 'no',\n\tmarginWidth\t\t\t: 0,\n\tmarginHeight\t\t: 0,\n\tframeborder\t\t\t: 0,\n\tvspace\t\t\t\t: 2,\n\thspace\t\t\t\t: 2,\n\tparams\t\t\t\t: '',\n\t\/\/ system properties\n   cookieRedirect      : false,\n   formviewid          : 9203,\n\thid\t\t\t\t\t: 382614,\n\tfid\t\t\t\t\t: 83058,\n\teid\t\t\t\t\t: 18285,\n\teid2\t\t\t\t: 82,\n\tsecureform\t\t\t: 1,\n\trootformurl\t\t\t: 'https:\/\/forms.logiforms.com\/',\n\tmode\t\t\t\t: 'standard',\n\ttarget\t\t\t\t: 'lfform-placeholder'\n});\n}\n<\/script>\n\n<div id=\"lfform-placeholder\"><\/div>\n<!-- end logiforms.com integration code -->\n","protected":false},"excerpt":{"rendered":"<p>Servir les clients et d\u00e9couvrir le potentiel ensemble. Intrepid Investigations est une organisation qui se distingue par sa r\u00e9putation pour sa qualit\u00e9, ses normes professionnelles et la reconnaissance de ses employ\u00e9s. Nous sommes v\u00e9ritablement d\u00e9di\u00e9s \u00e0 la durabilit\u00e9 de l&#8217;emploi \u00e0 long terme. Chez Intrepid, servir les clients commence par notre entreprise qui vous sert [&hellip;]<\/p>\n","protected":false},"author":2,"featured_media":913,"parent":0,"menu_order":0,"comment_status":"closed","ping_status":"closed","template":"page-full-width.php","meta":{"_acf_changed":false,"footnotes":""},"class_list":["post-1077","page","type-page","status-publish","has-post-thumbnail","hentry"],"acf":[],"yoast_head":"<!-- This site is optimized with the Yoast SEO plugin v27.2 - https:\/\/yoast.com\/product\/yoast-seo-wordpress\/ -->\n<title>Carri\u00e8res - Intrepid Investigations<\/title>\n<meta name=\"robots\" content=\"index, follow, max-snippet:-1, max-image-preview:large, max-video-preview:-1\" \/>\n<link rel=\"canonical\" href=\"https:\/\/intrepid.ca\/fr\/carrieres\/\" \/>\n<meta property=\"og:locale\" content=\"fr_CA\" \/>\n<meta property=\"og:type\" content=\"article\" \/>\n<meta property=\"og:title\" content=\"Carri\u00e8res - Intrepid Investigations\" \/>\n<meta property=\"og:description\" content=\"Servir les clients et d\u00e9couvrir le potentiel ensemble. Intrepid Investigations est une organisation qui se distingue par sa r\u00e9putation pour sa qualit\u00e9, ses normes professionnelles et la reconnaissance de ses employ\u00e9s. Nous sommes v\u00e9ritablement d\u00e9di\u00e9s \u00e0 la durabilit\u00e9 de l&#8217;emploi \u00e0 long terme. Chez Intrepid, servir les clients commence par notre entreprise qui vous sert [&hellip;]\" \/>\n<meta property=\"og:url\" content=\"https:\/\/intrepid.ca\/fr\/carrieres\/\" \/>\n<meta property=\"og:site_name\" content=\"Intrepid Investigations\" \/>\n<meta property=\"article:modified_time\" content=\"2024-06-20T18:20:10+00:00\" \/>\n<meta property=\"og:image\" content=\"https:\/\/intrepid.ca\/wp-content\/uploads\/2018\/10\/careers-intrepid-investigations.jpg\" \/>\n\t<meta property=\"og:image:width\" content=\"2000\" \/>\n\t<meta property=\"og:image:height\" content=\"1125\" \/>\n\t<meta property=\"og:image:type\" content=\"image\/jpeg\" \/>\n<meta name=\"twitter:card\" content=\"summary_large_image\" \/>\n<meta name=\"twitter:label1\" content=\"Estimation du temps de lecture\" \/>\n\t<meta name=\"twitter:data1\" content=\"3 minutes\" \/>\n<script type=\"application\/ld+json\" class=\"yoast-schema-graph\">{\"@context\":\"https:\/\/schema.org\",\"@graph\":[{\"@type\":\"WebPage\",\"@id\":\"https:\/\/intrepid.ca\/fr\/carrieres\/\",\"url\":\"https:\/\/intrepid.ca\/fr\/carrieres\/\",\"name\":\"Carri\u00e8res - Intrepid Investigations\",\"isPartOf\":{\"@id\":\"https:\/\/intrepid.ca\/#website\"},\"primaryImageOfPage\":{\"@id\":\"https:\/\/intrepid.ca\/fr\/carrieres\/#primaryimage\"},\"image\":{\"@id\":\"https:\/\/intrepid.ca\/fr\/carrieres\/#primaryimage\"},\"thumbnailUrl\":\"https:\/\/intrepid.ca\/wp-content\/uploads\/2018\/10\/careers-intrepid-investigations.jpg\",\"datePublished\":\"2018-09-27T16:08:15+00:00\",\"dateModified\":\"2024-06-20T18:20:10+00:00\",\"breadcrumb\":{\"@id\":\"https:\/\/intrepid.ca\/fr\/carrieres\/#breadcrumb\"},\"inLanguage\":\"fr-CA\",\"potentialAction\":[{\"@type\":\"ReadAction\",\"target\":[\"https:\/\/intrepid.ca\/fr\/carrieres\/\"]}]},{\"@type\":\"ImageObject\",\"inLanguage\":\"fr-CA\",\"@id\":\"https:\/\/intrepid.ca\/fr\/carrieres\/#primaryimage\",\"url\":\"https:\/\/intrepid.ca\/wp-content\/uploads\/2018\/10\/careers-intrepid-investigations.jpg\",\"contentUrl\":\"https:\/\/intrepid.ca\/wp-content\/uploads\/2018\/10\/careers-intrepid-investigations.jpg\",\"width\":2000,\"height\":1125},{\"@type\":\"BreadcrumbList\",\"@id\":\"https:\/\/intrepid.ca\/fr\/carrieres\/#breadcrumb\",\"itemListElement\":[{\"@type\":\"ListItem\",\"position\":1,\"name\":\"Home\",\"item\":\"https:\/\/intrepid.ca\/fr\/accueil\/\"},{\"@type\":\"ListItem\",\"position\":2,\"name\":\"Carri\u00e8res\"}]},{\"@type\":\"WebSite\",\"@id\":\"https:\/\/intrepid.ca\/#website\",\"url\":\"https:\/\/intrepid.ca\/\",\"name\":\"Intrepid Investigations\",\"description\":\"Qualit\u00e9 Mesur\u00e9. R\u00e9sultats Prouv\u00e9s.\",\"publisher\":{\"@id\":\"https:\/\/intrepid.ca\/#organization\"},\"potentialAction\":[{\"@type\":\"SearchAction\",\"target\":{\"@type\":\"EntryPoint\",\"urlTemplate\":\"https:\/\/intrepid.ca\/?s={search_term_string}\"},\"query-input\":{\"@type\":\"PropertyValueSpecification\",\"valueRequired\":true,\"valueName\":\"search_term_string\"}}],\"inLanguage\":\"fr-CA\"},{\"@type\":\"Organization\",\"@id\":\"https:\/\/intrepid.ca\/#organization\",\"name\":\"Intrepid Investigations\",\"url\":\"https:\/\/intrepid.ca\/\",\"logo\":{\"@type\":\"ImageObject\",\"inLanguage\":\"fr-CA\",\"@id\":\"https:\/\/intrepid.ca\/#\/schema\/logo\/image\/\",\"url\":\"https:\/\/intrepid.ca\/wp-content\/uploads\/2018\/10\/intrepid-investigations_logo-324.png\",\"contentUrl\":\"https:\/\/intrepid.ca\/wp-content\/uploads\/2018\/10\/intrepid-investigations_logo-324.png\",\"width\":340,\"height\":100,\"caption\":\"Intrepid Investigations\"},\"image\":{\"@id\":\"https:\/\/intrepid.ca\/#\/schema\/logo\/image\/\"}}]}<\/script>\n<!-- \/ Yoast SEO plugin. -->","yoast_head_json":{"title":"Carri\u00e8res - Intrepid Investigations","robots":{"index":"index","follow":"follow","max-snippet":"max-snippet:-1","max-image-preview":"max-image-preview:large","max-video-preview":"max-video-preview:-1"},"canonical":"https:\/\/intrepid.ca\/fr\/carrieres\/","og_locale":"fr_CA","og_type":"article","og_title":"Carri\u00e8res - Intrepid Investigations","og_description":"Servir les clients et d\u00e9couvrir le potentiel ensemble. Intrepid Investigations est une organisation qui se distingue par sa r\u00e9putation pour sa qualit\u00e9, ses normes professionnelles et la reconnaissance de ses employ\u00e9s. Nous sommes v\u00e9ritablement d\u00e9di\u00e9s \u00e0 la durabilit\u00e9 de l&#8217;emploi \u00e0 long terme. Chez Intrepid, servir les clients commence par notre entreprise qui vous sert [&hellip;]","og_url":"https:\/\/intrepid.ca\/fr\/carrieres\/","og_site_name":"Intrepid Investigations","article_modified_time":"2024-06-20T18:20:10+00:00","og_image":[{"width":2000,"height":1125,"url":"https:\/\/intrepid.ca\/wp-content\/uploads\/2018\/10\/careers-intrepid-investigations.jpg","type":"image\/jpeg"}],"twitter_card":"summary_large_image","twitter_misc":{"Estimation du temps de lecture":"3 minutes"},"schema":{"@context":"https:\/\/schema.org","@graph":[{"@type":"WebPage","@id":"https:\/\/intrepid.ca\/fr\/carrieres\/","url":"https:\/\/intrepid.ca\/fr\/carrieres\/","name":"Carri\u00e8res - Intrepid Investigations","isPartOf":{"@id":"https:\/\/intrepid.ca\/#website"},"primaryImageOfPage":{"@id":"https:\/\/intrepid.ca\/fr\/carrieres\/#primaryimage"},"image":{"@id":"https:\/\/intrepid.ca\/fr\/carrieres\/#primaryimage"},"thumbnailUrl":"https:\/\/intrepid.ca\/wp-content\/uploads\/2018\/10\/careers-intrepid-investigations.jpg","datePublished":"2018-09-27T16:08:15+00:00","dateModified":"2024-06-20T18:20:10+00:00","breadcrumb":{"@id":"https:\/\/intrepid.ca\/fr\/carrieres\/#breadcrumb"},"inLanguage":"fr-CA","potentialAction":[{"@type":"ReadAction","target":["https:\/\/intrepid.ca\/fr\/carrieres\/"]}]},{"@type":"ImageObject","inLanguage":"fr-CA","@id":"https:\/\/intrepid.ca\/fr\/carrieres\/#primaryimage","url":"https:\/\/intrepid.ca\/wp-content\/uploads\/2018\/10\/careers-intrepid-investigations.jpg","contentUrl":"https:\/\/intrepid.ca\/wp-content\/uploads\/2018\/10\/careers-intrepid-investigations.jpg","width":2000,"height":1125},{"@type":"BreadcrumbList","@id":"https:\/\/intrepid.ca\/fr\/carrieres\/#breadcrumb","itemListElement":[{"@type":"ListItem","position":1,"name":"Home","item":"https:\/\/intrepid.ca\/fr\/accueil\/"},{"@type":"ListItem","position":2,"name":"Carri\u00e8res"}]},{"@type":"WebSite","@id":"https:\/\/intrepid.ca\/#website","url":"https:\/\/intrepid.ca\/","name":"Intrepid Investigations","description":"Qualit\u00e9 Mesur\u00e9. R\u00e9sultats Prouv\u00e9s.","publisher":{"@id":"https:\/\/intrepid.ca\/#organization"},"potentialAction":[{"@type":"SearchAction","target":{"@type":"EntryPoint","urlTemplate":"https:\/\/intrepid.ca\/?s={search_term_string}"},"query-input":{"@type":"PropertyValueSpecification","valueRequired":true,"valueName":"search_term_string"}}],"inLanguage":"fr-CA"},{"@type":"Organization","@id":"https:\/\/intrepid.ca\/#organization","name":"Intrepid Investigations","url":"https:\/\/intrepid.ca\/","logo":{"@type":"ImageObject","inLanguage":"fr-CA","@id":"https:\/\/intrepid.ca\/#\/schema\/logo\/image\/","url":"https:\/\/intrepid.ca\/wp-content\/uploads\/2018\/10\/intrepid-investigations_logo-324.png","contentUrl":"https:\/\/intrepid.ca\/wp-content\/uploads\/2018\/10\/intrepid-investigations_logo-324.png","width":340,"height":100,"caption":"Intrepid Investigations"},"image":{"@id":"https:\/\/intrepid.ca\/#\/schema\/logo\/image\/"}}]}},"_links":{"self":[{"href":"https:\/\/intrepid.ca\/fr\/wp-json\/wp\/v2\/pages\/1077","targetHints":{"allow":["GET"]}}],"collection":[{"href":"https:\/\/intrepid.ca\/fr\/wp-json\/wp\/v2\/pages"}],"about":[{"href":"https:\/\/intrepid.ca\/fr\/wp-json\/wp\/v2\/types\/page"}],"author":[{"embeddable":true,"href":"https:\/\/intrepid.ca\/fr\/wp-json\/wp\/v2\/users\/2"}],"replies":[{"embeddable":true,"href":"https:\/\/intrepid.ca\/fr\/wp-json\/wp\/v2\/comments?post=1077"}],"version-history":[{"count":27,"href":"https:\/\/intrepid.ca\/fr\/wp-json\/wp\/v2\/pages\/1077\/revisions"}],"predecessor-version":[{"id":1486,"href":"https:\/\/intrepid.ca\/fr\/wp-json\/wp\/v2\/pages\/1077\/revisions\/1486"}],"wp:featuredmedia":[{"embeddable":true,"href":"https:\/\/intrepid.ca\/fr\/wp-json\/wp\/v2\/media\/913"}],"wp:attachment":[{"href":"https:\/\/intrepid.ca\/fr\/wp-json\/wp\/v2\/media?parent=1077"}],"curies":[{"name":"wp","href":"https:\/\/api.w.org\/{rel}","templated":true}]}}