{"id":1039,"date":"2018-03-21T21:43:35","date_gmt":"2018-03-21T21:43:35","guid":{"rendered":"https:\/\/intrepid.ca\/home\/"},"modified":"2022-01-31T14:55:35","modified_gmt":"2022-01-31T19:55:35","slug":"accueil","status":"publish","type":"page","link":"https:\/\/intrepid.ca\/fr\/","title":{"rendered":"Accueil"},"content":{"rendered":"\n<p>Depuis 1991, nous fournissons des services de confiance dans les domaines de l\u2019assurance, du juridique et l\u00e9gal, du secteur public et plus g\u00e9n\u00e9ralement, dans tous les secteurs d\u2019activit\u00e9s. Intrepid Investigations Inc. offre une exp\u00e9rience exceptionnelle et des pratiques conscientes qui sont centr\u00e9es sur nos clients. Nous nous focalisons sur ce qui est essentiel, entretenons de bonnes relations et fournissons des r\u00e9sultats de qualit\u00e9, empiriquement valides et qui ont un r\u00e9el impact.<\/p>\n\n\n\n<div class=\"wp-block-columns has-2-columns is-layout-flex wp-container-core-columns-is-layout-9d6595d7 wp-block-columns-is-layout-flex\">\n<div class=\"wp-block-column is-layout-flow wp-block-column-is-layout-flow\"><\/div>\n\n\n\n<div class=\"wp-block-column is-layout-flow wp-block-column-is-layout-flow\"><\/div>\n<\/div>\n","protected":false},"excerpt":{"rendered":"<p>Depuis 1991, nous fournissons des services de confiance dans les domaines de l\u2019assurance, du juridique et l\u00e9gal, du secteur public et plus g\u00e9n\u00e9ralement, dans tous les secteurs d\u2019activit\u00e9s. Intrepid Investigations Inc. offre une exp\u00e9rience exceptionnelle et des pratiques conscientes qui sont centr\u00e9es sur nos clients. Nous nous focalisons sur ce qui est essentiel, entretenons de [&hellip;]<\/p>\n","protected":false},"author":2,"featured_media":924,"parent":0,"menu_order":0,"comment_status":"closed","ping_status":"closed","template":"front-page.php","meta":{"_acf_changed":false,"footnotes":""},"class_list":["post-1039","page","type-page","status-publish","has-post-thumbnail","hentry"],"acf":[],"yoast_head":"<!-- This site is optimized with the Yoast SEO plugin v27.2 - https:\/\/yoast.com\/product\/yoast-seo-wordpress\/ -->\n<title>Accueil - Intrepid Investigations<\/title>\n<meta name=\"robots\" content=\"index, follow, max-snippet:-1, max-image-preview:large, max-video-preview:-1\" \/>\n<link rel=\"canonical\" href=\"https:\/\/intrepid.ca\/fr\/accueil\/\" \/>\n<meta property=\"og:locale\" content=\"fr_CA\" \/>\n<meta property=\"og:type\" content=\"article\" \/>\n<meta property=\"og:title\" content=\"Accueil - Intrepid Investigations\" \/>\n<meta property=\"og:description\" content=\"Depuis 1991, nous fournissons des services de confiance dans les domaines de l\u2019assurance, du juridique et l\u00e9gal, du secteur public et plus g\u00e9n\u00e9ralement, dans tous les secteurs d\u2019activit\u00e9s. Intrepid Investigations Inc. offre une exp\u00e9rience exceptionnelle et des pratiques conscientes qui sont centr\u00e9es sur nos clients. Nous nous focalisons sur ce qui est essentiel, entretenons de [&hellip;]\" \/>\n<meta property=\"og:url\" content=\"https:\/\/intrepid.ca\/fr\/accueil\/\" \/>\n<meta property=\"og:site_name\" content=\"Intrepid Investigations\" \/>\n<meta property=\"article:modified_time\" content=\"2022-01-31T19:55:35+00:00\" \/>\n<meta property=\"og:image\" content=\"https:\/\/intrepid.ca\/wp-content\/uploads\/2018\/11\/intrepid-investigations-logo-159.png\" \/>\n\t<meta property=\"og:image:width\" content=\"159\" \/>\n\t<meta property=\"og:image:height\" content=\"47\" \/>\n\t<meta property=\"og:image:type\" content=\"image\/png\" \/>\n<meta name=\"twitter:card\" content=\"summary_large_image\" \/>\n<script type=\"application\/ld+json\" class=\"yoast-schema-graph\">{\"@context\":\"https:\/\/schema.org\",\"@graph\":[{\"@type\":\"WebPage\",\"@id\":\"https:\/\/intrepid.ca\/fr\/accueil\/\",\"url\":\"https:\/\/intrepid.ca\/fr\/accueil\/\",\"name\":\"Accueil - Intrepid Investigations\",\"isPartOf\":{\"@id\":\"https:\/\/intrepid.ca\/#website\"},\"primaryImageOfPage\":{\"@id\":\"https:\/\/intrepid.ca\/fr\/accueil\/#primaryimage\"},\"image\":{\"@id\":\"https:\/\/intrepid.ca\/fr\/accueil\/#primaryimage\"},\"thumbnailUrl\":\"https:\/\/intrepid.ca\/wp-content\/uploads\/2018\/11\/intrepid-investigations-logo-159.png\",\"datePublished\":\"2018-03-21T21:43:35+00:00\",\"dateModified\":\"2022-01-31T19:55:35+00:00\",\"breadcrumb\":{\"@id\":\"https:\/\/intrepid.ca\/fr\/accueil\/#breadcrumb\"},\"inLanguage\":\"fr-CA\",\"potentialAction\":[{\"@type\":\"ReadAction\",\"target\":[\"https:\/\/intrepid.ca\/fr\/accueil\/\"]}]},{\"@type\":\"ImageObject\",\"inLanguage\":\"fr-CA\",\"@id\":\"https:\/\/intrepid.ca\/fr\/accueil\/#primaryimage\",\"url\":\"https:\/\/intrepid.ca\/wp-content\/uploads\/2018\/11\/intrepid-investigations-logo-159.png\",\"contentUrl\":\"https:\/\/intrepid.ca\/wp-content\/uploads\/2018\/11\/intrepid-investigations-logo-159.png\",\"width\":159,\"height\":47},{\"@type\":\"BreadcrumbList\",\"@id\":\"https:\/\/intrepid.ca\/fr\/accueil\/#breadcrumb\",\"itemListElement\":[{\"@type\":\"ListItem\",\"position\":1,\"name\":\"Home\",\"item\":\"https:\/\/intrepid.ca\/fr\/accueil\/\"},{\"@type\":\"ListItem\",\"position\":2,\"name\":\"Accueil\"}]},{\"@type\":\"WebSite\",\"@id\":\"https:\/\/intrepid.ca\/#website\",\"url\":\"https:\/\/intrepid.ca\/\",\"name\":\"Intrepid Investigations\",\"description\":\"Qualit\u00e9 Mesur\u00e9. R\u00e9sultats Prouv\u00e9s.\",\"publisher\":{\"@id\":\"https:\/\/intrepid.ca\/#organization\"},\"potentialAction\":[{\"@type\":\"SearchAction\",\"target\":{\"@type\":\"EntryPoint\",\"urlTemplate\":\"https:\/\/intrepid.ca\/?s={search_term_string}\"},\"query-input\":{\"@type\":\"PropertyValueSpecification\",\"valueRequired\":true,\"valueName\":\"search_term_string\"}}],\"inLanguage\":\"fr-CA\"},{\"@type\":\"Organization\",\"@id\":\"https:\/\/intrepid.ca\/#organization\",\"name\":\"Intrepid Investigations\",\"url\":\"https:\/\/intrepid.ca\/\",\"logo\":{\"@type\":\"ImageObject\",\"inLanguage\":\"fr-CA\",\"@id\":\"https:\/\/intrepid.ca\/#\/schema\/logo\/image\/\",\"url\":\"https:\/\/intrepid.ca\/wp-content\/uploads\/2018\/10\/intrepid-investigations_logo-324.png\",\"contentUrl\":\"https:\/\/intrepid.ca\/wp-content\/uploads\/2018\/10\/intrepid-investigations_logo-324.png\",\"width\":340,\"height\":100,\"caption\":\"Intrepid Investigations\"},\"image\":{\"@id\":\"https:\/\/intrepid.ca\/#\/schema\/logo\/image\/\"}}]}<\/script>\n<!-- \/ Yoast SEO plugin. -->","yoast_head_json":{"title":"Accueil - Intrepid Investigations","robots":{"index":"index","follow":"follow","max-snippet":"max-snippet:-1","max-image-preview":"max-image-preview:large","max-video-preview":"max-video-preview:-1"},"canonical":"https:\/\/intrepid.ca\/fr\/accueil\/","og_locale":"fr_CA","og_type":"article","og_title":"Accueil - Intrepid Investigations","og_description":"Depuis 1991, nous fournissons des services de confiance dans les domaines de l\u2019assurance, du juridique et l\u00e9gal, du secteur public et plus g\u00e9n\u00e9ralement, dans tous les secteurs d\u2019activit\u00e9s. Intrepid Investigations Inc. offre une exp\u00e9rience exceptionnelle et des pratiques conscientes qui sont centr\u00e9es sur nos clients. Nous nous focalisons sur ce qui est essentiel, entretenons de [&hellip;]","og_url":"https:\/\/intrepid.ca\/fr\/accueil\/","og_site_name":"Intrepid Investigations","article_modified_time":"2022-01-31T19:55:35+00:00","og_image":[{"width":159,"height":47,"url":"https:\/\/intrepid.ca\/wp-content\/uploads\/2018\/11\/intrepid-investigations-logo-159.png","type":"image\/png"}],"twitter_card":"summary_large_image","schema":{"@context":"https:\/\/schema.org","@graph":[{"@type":"WebPage","@id":"https:\/\/intrepid.ca\/fr\/accueil\/","url":"https:\/\/intrepid.ca\/fr\/accueil\/","name":"Accueil - Intrepid Investigations","isPartOf":{"@id":"https:\/\/intrepid.ca\/#website"},"primaryImageOfPage":{"@id":"https:\/\/intrepid.ca\/fr\/accueil\/#primaryimage"},"image":{"@id":"https:\/\/intrepid.ca\/fr\/accueil\/#primaryimage"},"thumbnailUrl":"https:\/\/intrepid.ca\/wp-content\/uploads\/2018\/11\/intrepid-investigations-logo-159.png","datePublished":"2018-03-21T21:43:35+00:00","dateModified":"2022-01-31T19:55:35+00:00","breadcrumb":{"@id":"https:\/\/intrepid.ca\/fr\/accueil\/#breadcrumb"},"inLanguage":"fr-CA","potentialAction":[{"@type":"ReadAction","target":["https:\/\/intrepid.ca\/fr\/accueil\/"]}]},{"@type":"ImageObject","inLanguage":"fr-CA","@id":"https:\/\/intrepid.ca\/fr\/accueil\/#primaryimage","url":"https:\/\/intrepid.ca\/wp-content\/uploads\/2018\/11\/intrepid-investigations-logo-159.png","contentUrl":"https:\/\/intrepid.ca\/wp-content\/uploads\/2018\/11\/intrepid-investigations-logo-159.png","width":159,"height":47},{"@type":"BreadcrumbList","@id":"https:\/\/intrepid.ca\/fr\/accueil\/#breadcrumb","itemListElement":[{"@type":"ListItem","position":1,"name":"Home","item":"https:\/\/intrepid.ca\/fr\/accueil\/"},{"@type":"ListItem","position":2,"name":"Accueil"}]},{"@type":"WebSite","@id":"https:\/\/intrepid.ca\/#website","url":"https:\/\/intrepid.ca\/","name":"Intrepid Investigations","description":"Qualit\u00e9 Mesur\u00e9. R\u00e9sultats Prouv\u00e9s.","publisher":{"@id":"https:\/\/intrepid.ca\/#organization"},"potentialAction":[{"@type":"SearchAction","target":{"@type":"EntryPoint","urlTemplate":"https:\/\/intrepid.ca\/?s={search_term_string}"},"query-input":{"@type":"PropertyValueSpecification","valueRequired":true,"valueName":"search_term_string"}}],"inLanguage":"fr-CA"},{"@type":"Organization","@id":"https:\/\/intrepid.ca\/#organization","name":"Intrepid Investigations","url":"https:\/\/intrepid.ca\/","logo":{"@type":"ImageObject","inLanguage":"fr-CA","@id":"https:\/\/intrepid.ca\/#\/schema\/logo\/image\/","url":"https:\/\/intrepid.ca\/wp-content\/uploads\/2018\/10\/intrepid-investigations_logo-324.png","contentUrl":"https:\/\/intrepid.ca\/wp-content\/uploads\/2018\/10\/intrepid-investigations_logo-324.png","width":340,"height":100,"caption":"Intrepid Investigations"},"image":{"@id":"https:\/\/intrepid.ca\/#\/schema\/logo\/image\/"}}]}},"_links":{"self":[{"href":"https:\/\/intrepid.ca\/fr\/wp-json\/wp\/v2\/pages\/1039","targetHints":{"allow":["GET"]}}],"collection":[{"href":"https:\/\/intrepid.ca\/fr\/wp-json\/wp\/v2\/pages"}],"about":[{"href":"https:\/\/intrepid.ca\/fr\/wp-json\/wp\/v2\/types\/page"}],"author":[{"embeddable":true,"href":"https:\/\/intrepid.ca\/fr\/wp-json\/wp\/v2\/users\/2"}],"replies":[{"embeddable":true,"href":"https:\/\/intrepid.ca\/fr\/wp-json\/wp\/v2\/comments?post=1039"}],"version-history":[{"count":4,"href":"https:\/\/intrepid.ca\/fr\/wp-json\/wp\/v2\/pages\/1039\/revisions"}],"predecessor-version":[{"id":1082,"href":"https:\/\/intrepid.ca\/fr\/wp-json\/wp\/v2\/pages\/1039\/revisions\/1082"}],"wp:featuredmedia":[{"embeddable":true,"href":"https:\/\/intrepid.ca\/fr\/wp-json\/wp\/v2\/media\/924"}],"wp:attachment":[{"href":"https:\/\/intrepid.ca\/fr\/wp-json\/wp\/v2\/media?parent=1039"}],"curies":[{"name":"wp","href":"https:\/\/api.w.org\/{rel}","templated":true}]}}