{"id":1015,"date":"2018-09-27T11:57:41","date_gmt":"2018-09-27T15:57:41","guid":{"rendered":"https:\/\/intrepid.ca\/submit-an-assignment\/"},"modified":"2022-02-04T14:11:56","modified_gmt":"2022-02-04T19:11:56","slug":"soumettre-une-demande-denquete","status":"publish","type":"page","link":"https:\/\/intrepid.ca\/fr\/soumettre-une-demande-denquete\/","title":{"rendered":"soumettre une demande d\u2019enquete"},"content":{"rendered":"\n<h2 class=\"wp-block-heading\" id=\"formulaire-de-demande-d-enquete-en-ligne\">Formulaire de demande d\u2019enqu\u00eate en ligne<\/h2>\n\n\n\n<p>Veuillez remplir le formulaire de demande d\u2019enqu\u00eate en ligne ci-dessous. Un membre de notre \u00e9quipe reviendra vers vous dans les plus brefs d\u00e9lais afin de discuter des d\u00e9tails de votre demande.<\/p>\n\n\n\n<p>Toutes les informations du formulaire en ligne nous sont soumises en toute s\u00e9curit\u00e9 et sont soumises \u00e0 l&rsquo;examen de notre \u00e9quipe de direction avant acceptation.<\/p>\n\n\n\n<p>Tous les renseignements re\u00e7us sont gard\u00e9s confidentiels conform\u00e9ment \u00e0 la LPRPDE et \u00e0 la l\u00e9gislation canadienne sur la protection des renseignements personnels.<\/p>\n\n\n\n<!-- logiforms.com integration code - copy and paste anywhere on your page -->\n<script type=\"text\/javascript\">\nvar formscript =  '\/\/cdn.logiforms.com\/v3\/build\/ext\/formProxy-min.js';\nvar head= document.getElementsByTagName('head')[0];\nvar script= document.createElement('script');\nscript.type = 'text\/javascript';\nscript.src = formscript;\nhead.appendChild(script);\nwindow.formproxyS2=true;\n\nwindow.addForm = function(){\nFormProxy = new FormProxy({\n\t\/\/ user editable\n\tresizeOnDemand\t\t: true,\n   scrollTop           : true,\n\theight\t\t\t\t: 500,\n\twidth\t\t\t\t: '100%',\n\tscrolling\t\t\t: 'no',\n\tmarginWidth\t\t\t: 0,\n\tmarginHeight\t\t: 0,\n\tframeborder\t\t\t: 0,\n\tvspace\t\t\t\t: 2,\n\thspace\t\t\t\t: 2,\n\tparams\t\t\t\t: '',\n\t\/\/ system properties\n   cookieRedirect      : false,\n   formviewid          : 9204,\n\thid\t\t\t\t\t: 383235,\n\tfid\t\t\t\t\t: 83058,\n\teid\t\t\t\t\t: 18285,\n\teid2\t\t\t\t: 82,\n\tsecureform\t\t\t: 1,\n\trootformurl\t\t\t: 'https:\/\/forms.logiforms.com\/',\n\tmode\t\t\t\t: 'standard',\n\ttarget\t\t\t\t: 'lfform-placeholder'\n});\n}\n<\/script>\n\n<div id=\"lfform-placeholder\"><\/div>\n<!-- end logiforms.com integration code -->\n","protected":false},"excerpt":{"rendered":"<p>Formulaire de demande d\u2019enqu\u00eate en ligne Veuillez remplir le formulaire de demande d\u2019enqu\u00eate en ligne ci-dessous. Un membre de notre \u00e9quipe reviendra vers vous dans les plus brefs d\u00e9lais afin de discuter des d\u00e9tails de votre demande. Toutes les informations du formulaire en ligne nous sont soumises en toute s\u00e9curit\u00e9 et sont soumises \u00e0 l&rsquo;examen [&hellip;]<\/p>\n","protected":false},"author":2,"featured_media":0,"parent":0,"menu_order":0,"comment_status":"closed","ping_status":"closed","template":"page-full-width.php","meta":{"_acf_changed":false,"footnotes":""},"class_list":["post-1015","page","type-page","status-publish","hentry"],"acf":[],"yoast_head":"<!-- This site is optimized with the Yoast SEO plugin v27.4 - https:\/\/yoast.com\/product\/yoast-seo-wordpress\/ -->\n<title>soumettre une demande d\u2019enquete - Intrepid Investigations<\/title>\n<meta name=\"robots\" content=\"index, follow, max-snippet:-1, max-image-preview:large, max-video-preview:-1\" \/>\n<link rel=\"canonical\" href=\"https:\/\/intrepid.ca\/fr\/soumettre-une-demande-denquete\/\" \/>\n<meta property=\"og:locale\" content=\"fr_CA\" \/>\n<meta property=\"og:type\" content=\"article\" \/>\n<meta property=\"og:title\" content=\"soumettre une demande d\u2019enquete - Intrepid Investigations\" \/>\n<meta property=\"og:description\" content=\"Formulaire de demande d\u2019enqu\u00eate en ligne Veuillez remplir le formulaire de demande d\u2019enqu\u00eate en ligne ci-dessous. Un membre de notre \u00e9quipe reviendra vers vous dans les plus brefs d\u00e9lais afin de discuter des d\u00e9tails de votre demande. Toutes les informations du formulaire en ligne nous sont soumises en toute s\u00e9curit\u00e9 et sont soumises \u00e0 l&rsquo;examen [&hellip;]\" \/>\n<meta property=\"og:url\" content=\"https:\/\/intrepid.ca\/fr\/soumettre-une-demande-denquete\/\" \/>\n<meta property=\"og:site_name\" content=\"Intrepid Investigations\" \/>\n<meta property=\"article:modified_time\" content=\"2022-02-04T19:11:56+00:00\" \/>\n<meta name=\"twitter:card\" content=\"summary_large_image\" \/>\n<script type=\"application\/ld+json\" class=\"yoast-schema-graph\">{\"@context\":\"https:\\\/\\\/schema.org\",\"@graph\":[{\"@type\":\"WebPage\",\"@id\":\"https:\\\/\\\/intrepid.ca\\\/fr\\\/soumettre-une-demande-denquete\\\/\",\"url\":\"https:\\\/\\\/intrepid.ca\\\/fr\\\/soumettre-une-demande-denquete\\\/\",\"name\":\"soumettre une demande d\u2019enquete - Intrepid Investigations\",\"isPartOf\":{\"@id\":\"https:\\\/\\\/intrepid.ca\\\/#website\"},\"datePublished\":\"2018-09-27T15:57:41+00:00\",\"dateModified\":\"2022-02-04T19:11:56+00:00\",\"breadcrumb\":{\"@id\":\"https:\\\/\\\/intrepid.ca\\\/fr\\\/soumettre-une-demande-denquete\\\/#breadcrumb\"},\"inLanguage\":\"fr-CA\",\"potentialAction\":[{\"@type\":\"ReadAction\",\"target\":[\"https:\\\/\\\/intrepid.ca\\\/fr\\\/soumettre-une-demande-denquete\\\/\"]}]},{\"@type\":\"BreadcrumbList\",\"@id\":\"https:\\\/\\\/intrepid.ca\\\/fr\\\/soumettre-une-demande-denquete\\\/#breadcrumb\",\"itemListElement\":[{\"@type\":\"ListItem\",\"position\":1,\"name\":\"Home\",\"item\":\"https:\\\/\\\/intrepid.ca\\\/fr\\\/accueil\\\/\"},{\"@type\":\"ListItem\",\"position\":2,\"name\":\"soumettre une demande d\u2019enquete\"}]},{\"@type\":\"WebSite\",\"@id\":\"https:\\\/\\\/intrepid.ca\\\/#website\",\"url\":\"https:\\\/\\\/intrepid.ca\\\/\",\"name\":\"Intrepid Investigations\",\"description\":\"Qualit\u00e9 Mesur\u00e9. R\u00e9sultats Prouv\u00e9s.\",\"publisher\":{\"@id\":\"https:\\\/\\\/intrepid.ca\\\/#organization\"},\"potentialAction\":[{\"@type\":\"SearchAction\",\"target\":{\"@type\":\"EntryPoint\",\"urlTemplate\":\"https:\\\/\\\/intrepid.ca\\\/?s={search_term_string}\"},\"query-input\":{\"@type\":\"PropertyValueSpecification\",\"valueRequired\":true,\"valueName\":\"search_term_string\"}}],\"inLanguage\":\"fr-CA\"},{\"@type\":\"Organization\",\"@id\":\"https:\\\/\\\/intrepid.ca\\\/#organization\",\"name\":\"Intrepid Investigations\",\"url\":\"https:\\\/\\\/intrepid.ca\\\/\",\"logo\":{\"@type\":\"ImageObject\",\"inLanguage\":\"fr-CA\",\"@id\":\"https:\\\/\\\/intrepid.ca\\\/#\\\/schema\\\/logo\\\/image\\\/\",\"url\":\"https:\\\/\\\/intrepid.ca\\\/wp-content\\\/uploads\\\/2018\\\/10\\\/intrepid-investigations_logo-324.png\",\"contentUrl\":\"https:\\\/\\\/intrepid.ca\\\/wp-content\\\/uploads\\\/2018\\\/10\\\/intrepid-investigations_logo-324.png\",\"width\":340,\"height\":100,\"caption\":\"Intrepid Investigations\"},\"image\":{\"@id\":\"https:\\\/\\\/intrepid.ca\\\/#\\\/schema\\\/logo\\\/image\\\/\"}}]}<\/script>\n<!-- \/ Yoast SEO plugin. -->","yoast_head_json":{"title":"soumettre une demande d\u2019enquete - Intrepid Investigations","robots":{"index":"index","follow":"follow","max-snippet":"max-snippet:-1","max-image-preview":"max-image-preview:large","max-video-preview":"max-video-preview:-1"},"canonical":"https:\/\/intrepid.ca\/fr\/soumettre-une-demande-denquete\/","og_locale":"fr_CA","og_type":"article","og_title":"soumettre une demande d\u2019enquete - Intrepid Investigations","og_description":"Formulaire de demande d\u2019enqu\u00eate en ligne Veuillez remplir le formulaire de demande d\u2019enqu\u00eate en ligne ci-dessous. Un membre de notre \u00e9quipe reviendra vers vous dans les plus brefs d\u00e9lais afin de discuter des d\u00e9tails de votre demande. Toutes les informations du formulaire en ligne nous sont soumises en toute s\u00e9curit\u00e9 et sont soumises \u00e0 l&rsquo;examen [&hellip;]","og_url":"https:\/\/intrepid.ca\/fr\/soumettre-une-demande-denquete\/","og_site_name":"Intrepid Investigations","article_modified_time":"2022-02-04T19:11:56+00:00","twitter_card":"summary_large_image","schema":{"@context":"https:\/\/schema.org","@graph":[{"@type":"WebPage","@id":"https:\/\/intrepid.ca\/fr\/soumettre-une-demande-denquete\/","url":"https:\/\/intrepid.ca\/fr\/soumettre-une-demande-denquete\/","name":"soumettre une demande d\u2019enquete - Intrepid Investigations","isPartOf":{"@id":"https:\/\/intrepid.ca\/#website"},"datePublished":"2018-09-27T15:57:41+00:00","dateModified":"2022-02-04T19:11:56+00:00","breadcrumb":{"@id":"https:\/\/intrepid.ca\/fr\/soumettre-une-demande-denquete\/#breadcrumb"},"inLanguage":"fr-CA","potentialAction":[{"@type":"ReadAction","target":["https:\/\/intrepid.ca\/fr\/soumettre-une-demande-denquete\/"]}]},{"@type":"BreadcrumbList","@id":"https:\/\/intrepid.ca\/fr\/soumettre-une-demande-denquete\/#breadcrumb","itemListElement":[{"@type":"ListItem","position":1,"name":"Home","item":"https:\/\/intrepid.ca\/fr\/accueil\/"},{"@type":"ListItem","position":2,"name":"soumettre une demande d\u2019enquete"}]},{"@type":"WebSite","@id":"https:\/\/intrepid.ca\/#website","url":"https:\/\/intrepid.ca\/","name":"Intrepid Investigations","description":"Qualit\u00e9 Mesur\u00e9. R\u00e9sultats Prouv\u00e9s.","publisher":{"@id":"https:\/\/intrepid.ca\/#organization"},"potentialAction":[{"@type":"SearchAction","target":{"@type":"EntryPoint","urlTemplate":"https:\/\/intrepid.ca\/?s={search_term_string}"},"query-input":{"@type":"PropertyValueSpecification","valueRequired":true,"valueName":"search_term_string"}}],"inLanguage":"fr-CA"},{"@type":"Organization","@id":"https:\/\/intrepid.ca\/#organization","name":"Intrepid Investigations","url":"https:\/\/intrepid.ca\/","logo":{"@type":"ImageObject","inLanguage":"fr-CA","@id":"https:\/\/intrepid.ca\/#\/schema\/logo\/image\/","url":"https:\/\/intrepid.ca\/wp-content\/uploads\/2018\/10\/intrepid-investigations_logo-324.png","contentUrl":"https:\/\/intrepid.ca\/wp-content\/uploads\/2018\/10\/intrepid-investigations_logo-324.png","width":340,"height":100,"caption":"Intrepid Investigations"},"image":{"@id":"https:\/\/intrepid.ca\/#\/schema\/logo\/image\/"}}]}},"_links":{"self":[{"href":"https:\/\/intrepid.ca\/fr\/wp-json\/wp\/v2\/pages\/1015","targetHints":{"allow":["GET"]}}],"collection":[{"href":"https:\/\/intrepid.ca\/fr\/wp-json\/wp\/v2\/pages"}],"about":[{"href":"https:\/\/intrepid.ca\/fr\/wp-json\/wp\/v2\/types\/page"}],"author":[{"embeddable":true,"href":"https:\/\/intrepid.ca\/fr\/wp-json\/wp\/v2\/users\/2"}],"replies":[{"embeddable":true,"href":"https:\/\/intrepid.ca\/fr\/wp-json\/wp\/v2\/comments?post=1015"}],"version-history":[{"count":2,"href":"https:\/\/intrepid.ca\/fr\/wp-json\/wp\/v2\/pages\/1015\/revisions"}],"predecessor-version":[{"id":1120,"href":"https:\/\/intrepid.ca\/fr\/wp-json\/wp\/v2\/pages\/1015\/revisions\/1120"}],"wp:attachment":[{"href":"https:\/\/intrepid.ca\/fr\/wp-json\/wp\/v2\/media?parent=1015"}],"curies":[{"name":"wp","href":"https:\/\/api.w.org\/{rel}","templated":true}]}}